{"id":105,"date":"2019-08-20T15:38:00","date_gmt":"2019-08-20T13:38:00","guid":{"rendered":"https:\/\/cotg.pttk.pl\/bip\/?page_id=105"},"modified":"2023-04-20T15:46:50","modified_gmt":"2023-04-20T13:46:50","slug":"zapytanie-ofertowe-odnowienie-szlakow-i-montaz-tabliczek-zmiana-w-tresci-zapytania","status":"publish","type":"page","link":"https:\/\/cotg.pttk.pl\/bip\/zamowienia-publiczne\/zamowienia-publiczne-o-wartosci-ponizej-130-000-pln\/zapytanie-ofertowe-odnowienie-szlakow-i-montaz-tabliczek-zmiana-w-tresci-zapytania\/","title":{"rendered":"Zapytanie ofertowe &#8211; odnowienie szlak\u00f3w i monta\u017c tabliczek &#8211; zmiana w tre\u015bci zapytania"},"content":{"rendered":"\n<p>Zamawiaj\u0105cy informuje o nast\u0119puj\u0105cej zmianie w tre\u015bci zapytania ofertowego:<\/p>\n\n\n\n<p><em>Post\u0119powanie prowadzone jest zgodnie z procedur\u0105 &nbsp;rozeznania rynku w trybie udzielania zam\u00f3wie\u0144 dla wydatk\u00f3w o warto\u015bci do 50 tys. PLN netto tj. bez podatku od towar\u00f3w i us\u0142ug (VAT), zgodnie z Podr\u0119cznikiem beneficjenta Programu Wsp\u00f3\u0142pracy Transgranicznej Interreg V-A Polska-S\u0142owacja 2014-2020.<\/em><\/p>\n\n\n\n<p><em>Zmiana nie ma wp\u0142ywu na tre\u015b\u0107 przedmiotowego zapytania ofertowego, w tym nie wymaga zmiany terminu skladania ofert (do 20.08.2019 r.).<\/em><\/p>\n\n\n\n<p>Polskie Towarzystwo Turystyczno-Krajoznawcze Centralny O\u015brodek Turystyki<br>G\u00f3rskiej PTTK w Krakowie przesy\u0142a Zapytanie ofertowe (z za\u0142\u0105cznikami) i<br>zaprasza do z\u0142o\u017cenia oferty dotycz\u0105cej wykonania us\u0142ugi:<br><br>Odnowienie znakowania szlak\u00f3w turystycznych na d\u0142ugo\u015bci 218 km wraz z<br>monta\u017cem tabliczek drogowskazowych (infrastruktura szlaku turystycznego)<br>&#8211; 105 szt.\u00a0<br><br>w ramach realizacji projektu pn. \u201eG\u00f3ry bez granic \u2013 integracja sieci<br>szlak\u00f3w w transgraniczny produkt turystyczny\u201d, nr<br>PLSK.01.01.00-00.0116\/17, wsp\u00f3\u0142finansowanego przez Uni\u0119 Europejsk\u0105 z<br>Europejskiego Funduszu Rozwoju Regionalnego w ramach Programu Wsp\u00f3\u0142pracy<br>Transgranicznej Interreg V-A Polska \u2013 S\u0142owacja 2014-2020.<br><br>\u00a0Zamawiaj\u0105cy dopuszcza sk\u0142adanie ofert cz\u0119\u015bciowych &#8211; na poszczeg\u00f3lne<br>cz\u0119\u015bci (obszary) zam\u00f3wienia.<br><br>Przedmiot zam\u00f3wienia jest podzielony na 4 cz\u0119\u015bci (obszary): obszar 1 \u2013<br>Jas\u0142o, obszar 2\u00a0 &#8211;\u00a0 Krosno,\u00a0 obszar 3 &#8211;\u00a0 Sanok, obszar 4 \u2013 Ustrzyki G\u00f3rne.<br><br>Odcinki szlak\u00f3w do odnowienia oraz dok\u0142adne po\u0142o\u017cenie stanowisk, w<br>kt\u00f3rych maj\u0105 by\u0107 zamontowane tabliczki oraz ich rodzaj i ilo\u015b\u0107 s\u0105<br>opisane w Za\u0142\u0105czniku nr 2 do Zapytania ofertowego.<br><br>Prosimy o z\u0142o\u017cenie oferty\u00a0 (dla ka\u017cdej z cz\u0119\u015bci, wykonawca mo\u017ce z\u0142o\u017cy\u0107<br>ofert\u0119 na 1, na dowoln\u0105 liczb\u0119, na wszystkie cz\u0119\u015bci) do dnia 20.08.2019<br>r. zgodnie z formularzem ofertowym, \u0142\u0105cznie z o\u015bwiadczeniem wykonawcy,<br>wykazem us\u0142ug (Za\u0142\u0105cznik nr 1) oraz dokumentem\/ami potwierdzaj\u0105cym<br>uprawnienia.<br><br>Zapytanie ofertowe jest dost\u0119pne na stronie internetowej zamawiaj\u0105cego<br>www.cotg.pttk.pl (BIP)<br><br>\u00a0Osoby do kontaktu:<br>Tomasz Go\u0142\u0105bek, tel. 12-422-28-40 w. 13, e-mail: tomasz.golabek@cotg.pttk.pl<br>Anna \u017bychowska, tel. 12-422-28-40 w. 20, e-mail: anna.zychowska@cotg.pttk.pl<br><br>\u00a0<strong>Dokumenty powi\u0105zane:<\/strong><\/p>\n\n\n\n<ul class=\"wp-block-list\">\n<li><a href=\"https:\/\/cotg.pttk.pl\/bip\/wp-content\/uploads\/2023\/04\/Zapytanie_ofertowe_zalaczniki_1-4.zip\">Zapytanie ofertowe_za\u0142\u0105czniki_1-4.zip<\/a><\/li>\n\n\n\n<li><a href=\"https:\/\/cotg.pttk.pl\/bip\/wp-content\/uploads\/2023\/04\/Zapytanie_ofertowe_odnowie_szlaki_montaz_tabliczek.pdf\">Zapytanie ofertowe- odnowienie szlak\u00f3w i monta\u017c tabliczek.pdf<\/a><\/li>\n<\/ul>\n","protected":false},"excerpt":{"rendered":"<p>Zamawiaj\u0105cy informuje o nast\u0119puj\u0105cej zmianie w tre\u015bci zapytania ofertowego: Post\u0119powanie prowadzone jest zgodnie z procedur\u0105 &nbsp;rozeznania rynku w trybie udzielania zam\u00f3wie\u0144 dla wydatk\u00f3w o warto\u015bci do 50 tys. PLN netto tj. bez podatku od towar\u00f3w i us\u0142ug (VAT), zgodnie z Podr\u0119cznikiem beneficjenta Programu Wsp\u00f3\u0142pracy Transgranicznej Interreg V-A Polska-S\u0142owacja 2014-2020. Zmiana nie ma wp\u0142ywu na tre\u015b\u0107 [&hellip;]<\/p>\n","protected":false},"author":2,"featured_media":0,"parent":51,"menu_order":8,"comment_status":"closed","ping_status":"closed","template":"","meta":{"footnotes":""},"class_list":["post-105","page","type-page","status-publish","hentry"],"_links":{"self":[{"href":"https:\/\/cotg.pttk.pl\/bip\/wp-json\/wp\/v2\/pages\/105","targetHints":{"allow":["GET"]}}],"collection":[{"href":"https:\/\/cotg.pttk.pl\/bip\/wp-json\/wp\/v2\/pages"}],"about":[{"href":"https:\/\/cotg.pttk.pl\/bip\/wp-json\/wp\/v2\/types\/page"}],"author":[{"embeddable":true,"href":"https:\/\/cotg.pttk.pl\/bip\/wp-json\/wp\/v2\/users\/2"}],"replies":[{"embeddable":true,"href":"https:\/\/cotg.pttk.pl\/bip\/wp-json\/wp\/v2\/comments?post=105"}],"version-history":[{"count":1,"href":"https:\/\/cotg.pttk.pl\/bip\/wp-json\/wp\/v2\/pages\/105\/revisions"}],"predecessor-version":[{"id":108,"href":"https:\/\/cotg.pttk.pl\/bip\/wp-json\/wp\/v2\/pages\/105\/revisions\/108"}],"up":[{"embeddable":true,"href":"https:\/\/cotg.pttk.pl\/bip\/wp-json\/wp\/v2\/pages\/51"}],"wp:attachment":[{"href":"https:\/\/cotg.pttk.pl\/bip\/wp-json\/wp\/v2\/media?parent=105"}],"curies":[{"name":"wp","href":"https:\/\/api.w.org\/{rel}","templated":true}]}}