{"id":113,"date":"2019-08-24T15:59:00","date_gmt":"2019-08-24T13:59:00","guid":{"rendered":"https:\/\/cotg.pttk.pl\/bip\/?page_id=113"},"modified":"2023-04-20T16:01:21","modified_gmt":"2023-04-20T14:01:21","slug":"zawiadomienie-o-wyborze-oferty-najkorzystniejszej-odnowienie-szlakow-i-montaz-tabliczek","status":"publish","type":"page","link":"https:\/\/cotg.pttk.pl\/bip\/zamowienia-publiczne\/zamowienia-publiczne-o-wartosci-ponizej-130-000-pln\/zawiadomienie-o-wyborze-oferty-najkorzystniejszej-odnowienie-szlakow-i-montaz-tabliczek\/","title":{"rendered":"Zawiadomienie o wyborze oferty najkorzystniejszej &#8211; odnowienie szlak\u00f3w i monta\u017c tabliczek"},"content":{"rendered":"\n<p>Krak\u00f3w, dnia 24.08.2019 r.<\/p>\n\n\n\n<p>Zamawiaj\u0105cy:<\/p>\n\n\n\n<p>Polskie Towarzystwo Turystyczno-Krajoznawcze<\/p>\n\n\n\n<p>Centralny O\u015brodek Turystyki G\u00f3rskiej PTTK w Krakowie&nbsp;&nbsp;&nbsp;&nbsp;&nbsp;&nbsp;&nbsp;&nbsp;&nbsp;&nbsp;&nbsp;&nbsp;&nbsp;&nbsp;&nbsp;&nbsp;&nbsp;<\/p>\n\n\n\n<p>ul. Jagiello\u0144ska 6\/6a, 31-010 Krak\u00f3w<\/p>\n\n\n\n<p>Wykonawcy uczestnicz\u0105cy w post\u0119powaniu<\/p>\n\n\n\n<p>prowadzonym z mo\u017cliwo\u015bci\u0105 sk\u0142adania ofert cz\u0119\u015bciowych, znak 2\/IR\/2019&nbsp;&nbsp;&nbsp;&nbsp;&nbsp;&nbsp;&nbsp;&nbsp;<\/p>\n\n\n\n<p><strong>ZAWIADOMIENIE O WYBORZE OFERTY NAJKORZYSTNIEJSZEJ<\/strong><\/p>\n\n\n\n<p>(osobno dla ka\u017cdej z cz\u0119\u015bci \u2013 obszar\u00f3w zam\u00f3wienia)<\/p>\n\n\n\n<p>w&nbsp; projekcie pn. \u201eG\u00f3ry bez granic \u2013 integracja sieci szlak\u00f3w&nbsp; w transgraniczny produkt turystyczny\u201d nr PLSK.01.01.00-00.0116\/17, wsp\u00f3\u0142finansowanym przez&nbsp; Uni\u0119 Europejsk\u0105 z Europejskiego Funduszu Rozwoju Regionalnego w ramach Programu Wsp\u00f3\u0142pracy Transgranicznej Interreg V-A Polska \u2013 S\u0142owacja 2014-2020<\/p>\n\n\n\n<p>Polskie Towarzystwo Turystyczno-Krajoznawcze Centralny O\u015brodek Turystyki G\u00f3rskiej PTTK w Krakowie (zamawiaj\u0105cy) zawiadamia o wyborze najkorzystniejszej oferty \u2013 osobno dla ka\u017cdej z&nbsp; cz\u0119\u015bci \u2013 obszar\u00f3w zam\u00f3wienia, w post\u0119powaniu o udzielenie zam\u00f3wienia publicznego znak 2\/IR\/2019 z dnia 09.08.2019 r., dot. zam\u00f3wienia o warto\u015bci nieprzekraczaj\u0105cej r\u00f3wnowarto\u015bci 30&nbsp;000 euro, prowadzonym zgodnie z procedur\u0105 rozeznania rynku w trybie udzielania zam\u00f3wie\u0144 dla wydatk\u00f3w o warto\u015bci do 50 tys. PLN netto tj. bez podatku od towar\u00f3w i us\u0142ug (VAT), zgodnie z Podr\u0119cznikiem beneficjenta Programu Wsp\u00f3\u0142pracy Transgranicznej Interreg V-A Polska-S\u0142owacja 2014-2020 (procedura w\u0142asna zamawiaj\u0105cego).<\/p>\n\n\n\n<p><strong>na wykonanie us\u0142ugi:<\/strong><\/p>\n\n\n\n<p><strong>Odnowienie znakowania szlak\u00f3w turystycznych na d\u0142ugo\u015bci 218 km<\/strong><\/p>\n\n\n\n<p><strong>Monta\u017c tabliczek drogowskazowych (infrastruktura szlaku turystycznego), 105 szt.<\/strong><\/p>\n\n\n\n<p>Post\u0119powanie prowadzone z mo\u017cliwo\u015bci\u0105 sk\u0142adania ofert cz\u0119\u015bciowych na poszczeg\u00f3lne cz\u0119\u015bci &#8211; obszary zam\u00f3wienia. Szczeg\u00f3\u0142owy zakres prac dla ka\u017cdego zadania cz\u0105stkowego zosta\u0142 okre\u015blony w Za\u0142\u0105czniku nr 2 (obszary zadania) do Zapytania ofertowego.<\/p>\n\n\n\n<p>Cz\u0119\u015bci&nbsp; &#8211; obszary zadania:<\/p>\n\n\n\n<ol class=\"wp-block-list\">\n<li>Obszar 1 \u2013 Jas\u0142o; 2) Obszar 2 \u2013 Krosno; 3) Obszar 3 \u2013 Sanok; 4) Obszar 4 \u2013 Ustrzyki G\u00f3rne<\/li>\n<\/ol>\n\n\n\n<p>Zamawiaj\u0105cy dokona\u0142 oceny ofert i wyboru oferty najkorzystniejszej osobno dla ka\u017cdej z czterech cz\u0119\u015bci \u2013 obszar\u00f3w przedmiotowego zam\u00f3wienia:<\/p>\n\n\n\n<p><strong>1)&nbsp; Obszar 1 \u2013 Jas\u0142o:<\/strong><\/p>\n\n\n\n<p>Jako oferta najkorzystniejsza wybrana zosta\u0142a oferta nr 1\/1 z\u0142o\u017cona przez wykonawc\u0119: <strong>Micha\u0142 Gorczyca<\/strong>, Jas\u0142o<\/p>\n\n\n\n<p>Przyznana punktacja: 100 pkt.<\/p>\n\n\n\n<p>Uzasadnienie wyboru:&nbsp; Oferta najkorzystniejsza (oferta nr&nbsp;1\/1) wybrana zosta\u0142a na podstawie kryterium oceny ofert okre\u015blonym w pkt. V. Zapytania ofertowego, kt\u00f3rym by\u0142a cena -100%. Oferta otrzyma\u0142a najwy\u017csz\u0105 liczb\u0119 punkt\u00f3w, tj. 100, obliczon\u0105 zgodnie ze wzorem okre\u015blonym w pkt V. Zapytania ofertowego. Oferta spe\u0142nia warunki udzia\u0142u w przedmiotowym post\u0119powaniu okre\u015blone w pkt. IV. Zapytania ofertowego.<\/p>\n\n\n\n<p>Zamawiaj\u0105cy informuje, \u017ce w post\u0119powaniu w cz\u0119\u015bci obszar 1 &#8211; Jas\u0142o zosta\u0142a z\u0142o\u017cona jedna ww. oferta.<\/p>\n\n\n\n<p><strong>2)&nbsp; Obszar 2 \u2013 Krosno:<\/strong><\/p>\n\n\n\n<p>Jako oferta najkorzystniejsza wybrana zosta\u0142a oferta nr 1\/2 z\u0142o\u017cona przez wykonawc\u0119: <strong>Ma\u0142gorzata Majka<\/strong>, Krosno<\/p>\n\n\n\n<p>Przyznana punktacja: 100 pkt.<\/p>\n\n\n\n<p>Uzasadnienie wyboru:&nbsp; Oferta najkorzystniejsza (oferta nr&nbsp;1\/2) wybrana zosta\u0142a na podstawie kryterium oceny ofert okre\u015blonym w pkt. V. Zapytania ofertowego, kt\u00f3rym by\u0142a cena -100%. Oferta otrzyma\u0142a najwy\u017csz\u0105 liczb\u0119 punkt\u00f3w, tj. 100, obliczon\u0105 zgodnie ze wzorem okre\u015blonym w pkt V. Zapytania ofertowego. Oferta spe\u0142nia warunki udzia\u0142u w przedmiotowym post\u0119powaniu okre\u015blone w pkt. IV. Zapytania ofertowego.<\/p>\n\n\n\n<p>Zamawiaj\u0105cy informuje, \u017ce w post\u0119powaniu w cz\u0119\u015bci obszar 2 &#8211; Krosno zosta\u0142a z\u0142o\u017cona jedna ww. oferta.<\/p>\n\n\n\n<p><strong>3) &nbsp;Obszar 3 \u2013 Sanok:<\/strong><\/p>\n\n\n\n<p>Jako oferta najkorzystniejsza wybrana zosta\u0142a oferta nr 1\/3 z\u0142o\u017cona przez wykonawc\u0119: <strong>Janusz Kusiak<\/strong>, Sanok<\/p>\n\n\n\n<p>Przyznana punktacja: 100 pkt.<\/p>\n\n\n\n<p>Uzasadnienie wyboru:&nbsp; Oferta najkorzystniejsza (oferta nr&nbsp;1\/3) wybrana zosta\u0142a na podstawie kryterium oceny ofert okre\u015blonym w pkt. V. Zapytania ofertowego, kt\u00f3rym by\u0142a cena -100%. Oferta otrzyma\u0142a najwy\u017csz\u0105 liczb\u0119 punkt\u00f3w, tj. 100, obliczon\u0105 zgodnie ze wzorem okre\u015blonym w pkt V. Zapytania ofertowego. Oferta spe\u0142nia warunki udzia\u0142u w przedmiotowym post\u0119powaniu okre\u015blone w pkt. IV. Zapytania ofertowego.<\/p>\n\n\n\n<p>Zamawiaj\u0105cy informuje, \u017ce w post\u0119powaniu w cz\u0119\u015bci obszar 3 &#8211; Sanok zosta\u0142a z\u0142o\u017cona jedna ww. oferta.<\/p>\n\n\n\n<p><strong>4)&nbsp; Obszar 4 \u2013 Ustrzyki G\u00f3rne:<\/strong><\/p>\n\n\n\n<p>Jako oferta najkorzystniejsza wybrana zosta\u0142a oferta nr 1\/4 z\u0142o\u017cona przez wykonawc\u0119: <strong>firma \u201eZnakarz\u201d Franciszek Adamczyk<\/strong>, ul. Sobieskiego 22\/32, 38-700 Ustrzyki Dolne<\/p>\n\n\n\n<p>Przyznana punktacja: 100 pkt.<\/p>\n\n\n\n<p>Uzasadnienie wyboru:&nbsp; Oferta najkorzystniejsza (oferta nr&nbsp;1\/4) wybrana zosta\u0142a na podstawie kryterium oceny ofert okre\u015blonym w pkt. V. Zapytania ofertowego, kt\u00f3rym by\u0142a cena -100%. Oferta otrzyma\u0142a najwy\u017csz\u0105 liczb\u0119 punkt\u00f3w, tj. 100, obliczon\u0105 zgodnie ze wzorem okre\u015blonym w pkt V. Zapytania ofertowego. Oferta spe\u0142nia warunki udzia\u0142u w przedmiotowym post\u0119powaniu okre\u015blone w pkt. IV. Zapytania ofertowego.<\/p>\n\n\n\n<p>Zamawiaj\u0105cy informuje, \u017ce w post\u0119powaniu w cz\u0119\u015bci obszar 4 \u2013 Ustrzyki G\u00f3rne zosta\u0142a z\u0142o\u017cona jedna ww. oferta.<\/p>\n\n\n\n<p>Za\u0142\u0105cznik &#8211; zawiadomienie o wyborze oferty najkorzystniejszej<\/p>\n\n\n\n<p><strong>Dokumenty powi\u0105zane:<\/strong><\/p>\n\n\n\n<ul class=\"wp-block-list\">\n<li><a href=\"https:\/\/cotg.pttk.pl\/bip\/wp-content\/uploads\/2023\/04\/Zawiadomienie_o_wyborze_oferty_najkorzystniejszej_odnowienie_szlakow_montaz_tabliczek.pdf\">Zawiadomienie o wyborze oferty najkorzystniejszej &#8211; odnowienie szlak\u00f3w i monta\u017c tabliczek<\/a><\/li>\n<\/ul>\n","protected":false},"excerpt":{"rendered":"<p>Krak\u00f3w, dnia 24.08.2019 r. Zamawiaj\u0105cy: Polskie Towarzystwo Turystyczno-Krajoznawcze Centralny O\u015brodek Turystyki G\u00f3rskiej PTTK w Krakowie&nbsp;&nbsp;&nbsp;&nbsp;&nbsp;&nbsp;&nbsp;&nbsp;&nbsp;&nbsp;&nbsp;&nbsp;&nbsp;&nbsp;&nbsp;&nbsp;&nbsp; ul. Jagiello\u0144ska 6\/6a, 31-010 Krak\u00f3w Wykonawcy uczestnicz\u0105cy w post\u0119powaniu prowadzonym z mo\u017cliwo\u015bci\u0105 sk\u0142adania ofert cz\u0119\u015bciowych, znak 2\/IR\/2019&nbsp;&nbsp;&nbsp;&nbsp;&nbsp;&nbsp;&nbsp;&nbsp; ZAWIADOMIENIE O WYBORZE OFERTY NAJKORZYSTNIEJSZEJ (osobno dla ka\u017cdej z cz\u0119\u015bci \u2013 obszar\u00f3w zam\u00f3wienia) w&nbsp; projekcie pn. \u201eG\u00f3ry bez granic \u2013 integracja sieci szlak\u00f3w&nbsp; [&hellip;]<\/p>\n","protected":false},"author":2,"featured_media":0,"parent":51,"menu_order":10,"comment_status":"closed","ping_status":"closed","template":"","meta":{"footnotes":""},"class_list":["post-113","page","type-page","status-publish","hentry"],"_links":{"self":[{"href":"https:\/\/cotg.pttk.pl\/bip\/wp-json\/wp\/v2\/pages\/113","targetHints":{"allow":["GET"]}}],"collection":[{"href":"https:\/\/cotg.pttk.pl\/bip\/wp-json\/wp\/v2\/pages"}],"about":[{"href":"https:\/\/cotg.pttk.pl\/bip\/wp-json\/wp\/v2\/types\/page"}],"author":[{"embeddable":true,"href":"https:\/\/cotg.pttk.pl\/bip\/wp-json\/wp\/v2\/users\/2"}],"replies":[{"embeddable":true,"href":"https:\/\/cotg.pttk.pl\/bip\/wp-json\/wp\/v2\/comments?post=113"}],"version-history":[{"count":1,"href":"https:\/\/cotg.pttk.pl\/bip\/wp-json\/wp\/v2\/pages\/113\/revisions"}],"predecessor-version":[{"id":114,"href":"https:\/\/cotg.pttk.pl\/bip\/wp-json\/wp\/v2\/pages\/113\/revisions\/114"}],"up":[{"embeddable":true,"href":"https:\/\/cotg.pttk.pl\/bip\/wp-json\/wp\/v2\/pages\/51"}],"wp:attachment":[{"href":"https:\/\/cotg.pttk.pl\/bip\/wp-json\/wp\/v2\/media?parent=113"}],"curies":[{"name":"wp","href":"https:\/\/api.w.org\/{rel}","templated":true}]}}