{"id":115,"date":"2019-10-25T16:02:00","date_gmt":"2019-10-25T14:02:00","guid":{"rendered":"https:\/\/cotg.pttk.pl\/bip\/?page_id=115"},"modified":"2023-04-20T16:09:36","modified_gmt":"2023-04-20T14:09:36","slug":"zawiadomienie-o-wyborze-oferty-najkorzystniejszej-wykonanie-pomiarow-szlakow-oraz-przygotowanie-danych","status":"publish","type":"page","link":"https:\/\/cotg.pttk.pl\/bip\/zamowienia-publiczne\/zamowienia-publiczne-o-wartosci-ponizej-130-000-pln\/zawiadomienie-o-wyborze-oferty-najkorzystniejszej-wykonanie-pomiarow-szlakow-oraz-przygotowanie-danych\/","title":{"rendered":"Zawiadomienie o wyborze oferty najkorzystniejszej &#8211; wykonanie pomiar\u00f3w szlak\u00f3w oraz przygotowanie danych"},"content":{"rendered":"\n<p>Krak\u00f3w, dnia 24.10.2019 r.<\/p>\n\n\n\n<p>Zamawiaj\u0105cy:<\/p>\n\n\n\n<p>Polskie Towarzystwo Turystyczno-Krajoznawcze<\/p>\n\n\n\n<p>Centralny O\u015brodek Turystyki G\u00f3rskiej PTTK w Krakowie&nbsp;&nbsp;&nbsp;&nbsp;&nbsp;&nbsp;&nbsp;&nbsp;&nbsp;&nbsp;&nbsp;&nbsp;&nbsp;&nbsp;&nbsp;&nbsp;&nbsp;<\/p>\n\n\n\n<p>ul. Jagiello\u0144ska 6\/6a, 31-010 Krak\u00f3w<\/p>\n\n\n\n<p><strong>Wykonawcy<\/strong><\/p>\n\n\n\n<p><strong>uczestnicz\u0105cy w post\u0119powaniu<\/strong><\/p>\n\n\n\n<p class=\"has-text-align-right\"><strong>znak: 5\/IR\/2019<\/strong><\/p>\n\n\n\n<p><strong>ZAWIADOMIENIE O WYBORZE OFERTY NAJKORZYSTNIEJSZEJ<\/strong><\/p>\n\n\n\n<p>w&nbsp; projekcie pn. \u201eG\u00f3ry bez granic \u2013 integracja sieci szlak\u00f3w&nbsp; w transgraniczny produkt turystyczny\u201d<\/p>\n\n\n\n<p>nr PLSK.01.01.00-00.0116\/17, wsp\u00f3\u0142finansowanym przez<\/p>\n\n\n\n<p>&nbsp;Uni\u0119 Europejsk\u0105 z Europejskiego Funduszu Rozwoju Regionalnego<\/p>\n\n\n\n<p>w ramach Programu Wsp\u00f3\u0142pracy Transgranicznej Interreg V-A Polska \u2013 S\u0142owacja 2014-2020<\/p>\n\n\n\n<p>Polskie Towarzystwo Turystyczno-Krajoznawcze Centralny O\u015brodek Turystyki G\u00f3rskiej PTTK w Krakowie (zamawiaj\u0105cy) zawiadamia o wyborze najkorzystniejszej oferty w post\u0119powaniu o udzielenie zam\u00f3wienia publicznego znak 5\/IR\/2019 z dnia 09.10.2019 r., dot. zam\u00f3wienia na wykonanie us\u0142ugi:<\/p>\n\n\n\n<p><strong>Pomiary szlak\u00f3w, przygotowanie danych<\/strong><\/p>\n\n\n\n<p>Zamawiaj\u0105cy dokona\u0142 oceny ofert i wyboru oferty najkorzystniejszej:<\/p>\n\n\n\n<p>Jako oferta najkorzystniejsza wybrana zosta\u0142a oferta z\u0142o\u017cona przez wykonawc\u0119:<\/p>\n\n\n\n<p>Stowarzyszenie Woda G\u00f3ry Las<\/p>\n\n\n\n<p>ul. Strzelecka 13<\/p>\n\n\n\n<p>61-845 Pozna\u0144<\/p>\n\n\n\n<p>Przyznana punktacja: 100 pkt.<\/p>\n\n\n\n<p>Uzasadnienie wyboru:&nbsp; Oferta najkorzystniejsza wybrana zosta\u0142a na podstawie kryterium oceny ofert okre\u015blonym w pkt. V. Zapytania ofertowego, kt\u00f3rym by\u0142a cena -100%. Oferta otrzyma\u0142a najwy\u017csz\u0105 liczb\u0119 punkt\u00f3w, tj. 100, obliczon\u0105 zgodnie ze wzorem okre\u015blonym w pkt V. Zapytania ofertowego. Oferta spe\u0142nia warunki udzia\u0142u w przedmiotowym post\u0119powaniu okre\u015blone w pkt. IV. Zapytania ofertowego.<\/p>\n\n\n\n<p>Zamawiaj\u0105cy informuje, \u017ce w post\u0119powaniu zosta\u0142a z\u0142o\u017cona jedna ww. oferta.<\/p>\n\n\n\n<p>Post\u0119powanie przeprowadzono zgodnie z procedur\u0105 w\u0142asn\u0105 Zamawiaj\u0105cego dla zam\u00f3wienia o warto\u015bci nieprzekraczaj\u0105cej r\u00f3wnowarto\u015bci 30&nbsp;000 euro, prowadzonym zgodnie z procedur\u0105 rozeznania rynku w trybie udzielania zam\u00f3wie\u0144 dla wydatk\u00f3w o warto\u015bci do 50 tys. PLN netto tj. bez podatku od towar\u00f3w i us\u0142ug (VAT), zgodnie z Podr\u0119cznikiem beneficjenta Programu Wsp\u00f3\u0142pracy Transgranicznej Interreg V-A Polska-S\u0142owacja 2014-2020.<\/p>\n","protected":false},"excerpt":{"rendered":"<p>Krak\u00f3w, dnia 24.10.2019 r. Zamawiaj\u0105cy: Polskie Towarzystwo Turystyczno-Krajoznawcze Centralny O\u015brodek Turystyki G\u00f3rskiej PTTK w Krakowie&nbsp;&nbsp;&nbsp;&nbsp;&nbsp;&nbsp;&nbsp;&nbsp;&nbsp;&nbsp;&nbsp;&nbsp;&nbsp;&nbsp;&nbsp;&nbsp;&nbsp; ul. Jagiello\u0144ska 6\/6a, 31-010 Krak\u00f3w Wykonawcy uczestnicz\u0105cy w post\u0119powaniu znak: 5\/IR\/2019 ZAWIADOMIENIE O WYBORZE OFERTY NAJKORZYSTNIEJSZEJ w&nbsp; projekcie pn. \u201eG\u00f3ry bez granic \u2013 integracja sieci szlak\u00f3w&nbsp; w transgraniczny produkt turystyczny\u201d nr PLSK.01.01.00-00.0116\/17, wsp\u00f3\u0142finansowanym przez &nbsp;Uni\u0119 Europejsk\u0105 z Europejskiego Funduszu Rozwoju [&hellip;]<\/p>\n","protected":false},"author":2,"featured_media":0,"parent":51,"menu_order":11,"comment_status":"closed","ping_status":"closed","template":"","meta":{"footnotes":""},"class_list":["post-115","page","type-page","status-publish","hentry"],"_links":{"self":[{"href":"https:\/\/cotg.pttk.pl\/bip\/wp-json\/wp\/v2\/pages\/115","targetHints":{"allow":["GET"]}}],"collection":[{"href":"https:\/\/cotg.pttk.pl\/bip\/wp-json\/wp\/v2\/pages"}],"about":[{"href":"https:\/\/cotg.pttk.pl\/bip\/wp-json\/wp\/v2\/types\/page"}],"author":[{"embeddable":true,"href":"https:\/\/cotg.pttk.pl\/bip\/wp-json\/wp\/v2\/users\/2"}],"replies":[{"embeddable":true,"href":"https:\/\/cotg.pttk.pl\/bip\/wp-json\/wp\/v2\/comments?post=115"}],"version-history":[{"count":3,"href":"https:\/\/cotg.pttk.pl\/bip\/wp-json\/wp\/v2\/pages\/115\/revisions"}],"predecessor-version":[{"id":121,"href":"https:\/\/cotg.pttk.pl\/bip\/wp-json\/wp\/v2\/pages\/115\/revisions\/121"}],"up":[{"embeddable":true,"href":"https:\/\/cotg.pttk.pl\/bip\/wp-json\/wp\/v2\/pages\/51"}],"wp:attachment":[{"href":"https:\/\/cotg.pttk.pl\/bip\/wp-json\/wp\/v2\/media?parent=115"}],"curies":[{"name":"wp","href":"https:\/\/api.w.org\/{rel}","templated":true}]}}