{"id":123,"date":"2023-04-14T16:24:54","date_gmt":"2023-04-14T14:24:54","guid":{"rendered":"https:\/\/cotg.pttk.pl\/bip\/?page_id=123"},"modified":"2025-07-28T14:19:02","modified_gmt":"2025-07-28T12:19:02","slug":"zamowienia-publiczne-o-wartosci-powyzej-130-000-pln","status":"publish","type":"page","link":"https:\/\/cotg.pttk.pl\/bip\/zamowienia-publiczne\/zamowienia-publiczne-o-wartosci-powyzej-130-000-pln\/","title":{"rendered":"Zam\u00f3wienia publiczne o warto\u015bci powy\u017cej 130 000 pln"},"content":{"rendered":"\n<ul class=\"wp-block-list\">\n<li><strong><a href=\"https:\/\/cotg.pttk.pl\/bip\/stworzenie-narzedzi-cyfrowych-do-prezentacji-atrakcji-i-szlakow-turystycznych-wojewodztw-opolskiego-i-slaskiego\/\" data-type=\"link\" data-id=\"https:\/\/cotg.pttk.pl\/bip\/stworzenie-narzedzi-cyfrowych-do-prezentacji-atrakcji-i-szlakow-turystycznych-wojewodztw-opolskiego-i-slaskiego\/\">Stworzenie narz\u0119dzi cyfrowych do prezentacji atrakcji i &nbsp;szlak\u00f3w turystycznych wojew\u00f3dztw opolskiego i \u015bl\u0105skiego<\/a><\/strong><br><\/li>\n\n\n\n<li><a href=\"https:\/\/drive.google.com\/drive\/folders\/16wq3QMqNX2g_ZeLOMgsmK7791tCy2iS8?usp=sharing\" data-type=\"link\" data-id=\"https:\/\/drive.google.com\/drive\/folders\/16wq3QMqNX2g_ZeLOMgsmK7791tCy2iS8?usp=sharing\"><strong>Stworzenie narz\u0119dzi cyfrowych do prezentacji atrakcji i &nbsp;szlak\u00f3w turystycznych wojew\u00f3dztw opolskiego i \u015bl\u0105skiego<\/strong> <strong>&#8211;<\/strong> <strong>INFORMACJA O OTWARCIU OFERT<\/strong><\/a><br><\/li>\n\n\n\n<li><a href=\"https:\/\/drive.google.com\/drive\/folders\/1GEb15_X-zlvseZg5VMhvkph9ti2pwpaa?usp=sharing\" data-type=\"link\" data-id=\"https:\/\/drive.google.com\/drive\/folders\/1GEb15_X-zlvseZg5VMhvkph9ti2pwpaa?usp=sharing\"><strong>Stworzenie narz\u0119dzi cyfrowych do prezentacji atrakcji i \u00a0szlak\u00f3w turystycznych wojew\u00f3dztw opolskiego i \u015bl\u0105skiego<\/strong> <strong>&#8211;<\/strong> <strong>INFORMACJA O WYBORZE NAJKORZYSTNIEJSZEJ OFERTY<\/strong><\/a><\/li>\n\n\n\n<li><\/li>\n\n\n\n<li><a href=\"https:\/\/drive.google.com\/drive\/folders\/1dN05cx4Pdk4aCedl2OqETAUUta9jQ4uk\" data-type=\"link\" data-id=\"https:\/\/drive.google.com\/drive\/folders\/1dN05cx4Pdk4aCedl2OqETAUUta9jQ4uk\"><strong>Stworzenie narz\u0119dzi cyfrowych do prezentacji atrakcji i \u00a0szlak\u00f3w turystycznych wojew\u00f3dztw opolskiego i \u015bl\u0105skiego<\/strong> <strong>&#8211;<\/strong> <strong>INFORMACJA DODATKOWE<\/strong> <\/a><br><br><\/li>\n<\/ul>\n\n\n\n<div class=\"wp-block-columns is-not-stacked-on-mobile is-layout-flex wp-container-core-columns-is-layout-9d6595d7 wp-block-columns-is-layout-flex\">\n<div class=\"wp-block-column is-layout-flow wp-block-column-is-layout-flow\" style=\"flex-basis:100em\">\n<p><\/p>\n\n\n\n<p class=\"has-text-align-left\">Zestawienie um\u00f3w o \u0142\u0105cznej warto\u015bci powy\u017cej 130 000 z\u0142 &#8211; szlaki 2024 rok:<\/p>\n\n\n\n<div class=\"wp-block-file\"><a id=\"wp-block-file--media-d50750da-142a-43f8-9aa5-87b8d9b455c5\" href=\"https:\/\/cotg.pttk.pl\/bip\/wp-content\/uploads\/2024\/10\/szlaki_2024-1.pdf\" target=\"_blank\" rel=\"noreferrer noopener\">szlaki_2024<\/a><\/div>\n<\/div>\n<\/div>\n\n\n\n<p>Zam\u00f3wienia publiczne o warto\u015bci powy\u017cej 30 000 Euro &#8211; 2019 rok <\/p>\n\n\n\n<p>Zam\u00f3wienia publiczne o warto\u015bci powy\u017cej 30 000 Euro &#8211; <a href=\"https:\/\/drive.google.com\/file\/d\/13kDP-hJhNXM3X4-qgaVZoHD51aE9cQ1E\/view?usp=sharing\">szlaki 2018 rok PDF<\/a><\/p>\n\n\n\n<p>Zam\u00f3wienia publiczne o warto\u015bci powy\u017cej 30 000 Euro &#8211; <a href=\"https:\/\/drive.google.com\/file\/d\/1YXOrJoMh53_6aJ7NQOaCAbkSUvk4w76H\/view?usp=sharing\">szlaki 2017 rok<\/a><\/p>\n\n\n\n<p><strong>Dokumenty powi\u0105zane:<\/strong><\/p>\n\n\n\n<ul class=\"wp-block-list\">\n<li><a href=\"https:\/\/cotg.pttk.pl\/bip\/wp-content\/uploads\/2023\/04\/tabela_szlaki_2016_aktual.doc\">Zestawienie zam\u00f3wie\u0144 udzielonych po negocjacjach z jednym wykonawc\u0105 dla poszczeg\u00f3lnych zam\u00f3wie\u0144 (przedmiot umowy o dzie\u0142o), o \u0142\u0105cznej warto\u015bci powy\u017cej 30 000 euro, w zakresie renowacji szlak\u00f3w turystycznych i\/lub wyposa\u017cenie ich w urz\u0105dzenia<\/a><\/li>\n<\/ul>\n\n\n\n<p><\/p>\n\n\n\n<pre class=\"wp-block-preformatted\"><\/pre>\n","protected":false},"excerpt":{"rendered":"<p>Zestawienie um\u00f3w o \u0142\u0105cznej warto\u015bci powy\u017cej 130 000 z\u0142 &#8211; szlaki 2024 rok: Zam\u00f3wienia publiczne o warto\u015bci powy\u017cej 30 000 Euro &#8211; 2019 rok Zam\u00f3wienia publiczne o warto\u015bci powy\u017cej 30 000 Euro &#8211; szlaki 2018 rok PDF Zam\u00f3wienia publiczne o warto\u015bci powy\u017cej 30 000 Euro &#8211; szlaki 2017 rok Dokumenty powi\u0105zane:<\/p>\n","protected":false},"author":2,"featured_media":0,"parent":36,"menu_order":2,"comment_status":"closed","ping_status":"closed","template":"","meta":{"footnotes":""},"class_list":["post-123","page","type-page","status-publish","hentry"],"_links":{"self":[{"href":"https:\/\/cotg.pttk.pl\/bip\/wp-json\/wp\/v2\/pages\/123","targetHints":{"allow":["GET"]}}],"collection":[{"href":"https:\/\/cotg.pttk.pl\/bip\/wp-json\/wp\/v2\/pages"}],"about":[{"href":"https:\/\/cotg.pttk.pl\/bip\/wp-json\/wp\/v2\/types\/page"}],"author":[{"embeddable":true,"href":"https:\/\/cotg.pttk.pl\/bip\/wp-json\/wp\/v2\/users\/2"}],"replies":[{"embeddable":true,"href":"https:\/\/cotg.pttk.pl\/bip\/wp-json\/wp\/v2\/comments?post=123"}],"version-history":[{"count":26,"href":"https:\/\/cotg.pttk.pl\/bip\/wp-json\/wp\/v2\/pages\/123\/revisions"}],"predecessor-version":[{"id":232,"href":"https:\/\/cotg.pttk.pl\/bip\/wp-json\/wp\/v2\/pages\/123\/revisions\/232"}],"up":[{"embeddable":true,"href":"https:\/\/cotg.pttk.pl\/bip\/wp-json\/wp\/v2\/pages\/36"}],"wp:attachment":[{"href":"https:\/\/cotg.pttk.pl\/bip\/wp-json\/wp\/v2\/media?parent=123"}],"curies":[{"name":"wp","href":"https:\/\/api.w.org\/{rel}","templated":true}]}}