{"id":210,"date":"2025-07-22T16:40:02","date_gmt":"2025-07-22T14:40:02","guid":{"rendered":"https:\/\/cotg.pttk.pl\/bip\/?page_id=210"},"modified":"2025-07-22T16:43:07","modified_gmt":"2025-07-22T14:43:07","slug":"stworzenie-narzedzi-cyfrowych-do-prezentacji-atrakcji-i-szlakow-turystycznych-wojewodztw-opolskiego-i-slaskiego","status":"publish","type":"page","link":"https:\/\/cotg.pttk.pl\/bip\/stworzenie-narzedzi-cyfrowych-do-prezentacji-atrakcji-i-szlakow-turystycznych-wojewodztw-opolskiego-i-slaskiego\/","title":{"rendered":"Stworzenie narz\u0119dzi cyfrowych do prezentacji atrakcji i szlak\u00f3w turystycznych wojew\u00f3dztw opolskiego i \u015bl\u0105skiego"},"content":{"rendered":"\n<p class=\"has-text-align-center\"><strong>Polskie Towarzystwo Turystyczno-Krajoznawcze Centralny O\u015brodek Turystyki G\u00f3rskiej PTTK w Krakowie zaprasza do z\u0142o\u017cenia oferty dotycz\u0105cej wykonania us\u0142ugi:<\/strong><\/p>\n\n\n\n<h2 class=\"wp-block-heading has-text-align-center\"><strong>Stworzenie narz\u0119dzi cyfrowych do prezentacji atrakcji <\/strong><br><strong>i&nbsp;szlak\u00f3w turystycznych wojew\u00f3dztw opolskiego i \u015bl\u0105skiego.<\/strong><\/h2>\n\n\n\n<p>w ramach realizacji zadania publicznego pn. \u201ePlatforma szlakowa wojew\u00f3dztwa \u015bl\u0105skiego i opolskiego jako cyfrowe narz\u0119dzie udost\u0119pniania informacji turystycznej i krajoznawczej\u201d dofinansowanego ze \u015brodk\u00f3w Ministerstwa Sportu&nbsp; i Turystyki zgodnie z zawart\u0105 umow\u0105 nr 2025\/0022\/1549\/UDOT\/DT\/BP\/JB z dnia 12.06.2025 r.<\/p>\n\n\n\n<h4 class=\"wp-block-heading has-text-align-center\"><strong>OG\u0141OSZENIE PRZETARGU <\/strong><br><strong>w trybie art. 70(1) \u2013 70(5) Kodeksu cywilnego<\/strong> <br><strong>oraz pozosta\u0142e dokumenty stanowi\u0105 za\u0142\u0105czniki do tego Og\u0142oszenia.<\/strong><\/h4>\n\n\n\n<p><\/p>\n\n\n\n<p><strong>Termin sk\u0142adania ofert: do dnia 30.07.2025 r. do godz. 16.00.<\/strong><br>Prosimy o sk\u0142adanie ofert w spos\u00f3b opisany w Og\u0142oszeniu przetargu, zgodnie ze wzorem oferty (za\u0142\u0105cznik nr 3), \u0142\u0105cznie z o\u015bwiadczeniami wykonawcy i wykazem us\u0142ug ( w tym za\u0142\u0105cznik nr 2) oraz dokumentami potwierdzaj\u0105cymi wykaz us\u0142ug.<\/p>\n\n\n\n<p>Tryb udzielenia zam\u00f3wienia: przetarg w trybie art. 70(1) \u2013 70(5) Kodeksu cywilnego.<\/p>\n\n\n\n<p><strong>Za\u0142\u0105czniki:<\/strong><\/p>\n\n\n\n<p><strong><a href=\"https:\/\/drive.google.com\/file\/d\/1mvp2o0fOAVqXf9v_BWUmvb9o_WVv0zEW\/view?usp=drive_link\" data-type=\"link\" data-id=\"https:\/\/drive.google.com\/file\/d\/1mvp2o0fOAVqXf9v_BWUmvb9o_WVv0zEW\/view?usp=drive_link\" target=\"_blank\" rel=\"noreferrer noopener\">Og\u0142oszenie o przetargu<\/a><\/strong> <\/p>\n\n\n\n<p>oraz<\/p>\n\n\n\n<p><a href=\"https:\/\/drive.google.com\/file\/d\/1feoMQ_CXEBS4qy0oAqqnc3C7duaw6bEP\/view?usp=drive_link\" data-type=\"link\" data-id=\"https:\/\/drive.google.com\/file\/d\/1feoMQ_CXEBS4qy0oAqqnc3C7duaw6bEP\/view?usp=drive_link\" target=\"_blank\" rel=\"noreferrer noopener\">Za\u0142. 1 &#8211; Szczeg\u00f3\u0142owe warunki techniczne (Opis przedmiotu zam\u00f3wienia).<\/a><\/p>\n\n\n\n<p><a href=\"https:\/\/docs.google.com\/document\/d\/1ZFebOI3TZiEQLMbszUwtkV1uwbkCg9kv\/edit?usp=drive_link&amp;ouid=108669935408865754896&amp;rtpof=true&amp;sd=true\" data-type=\"link\" data-id=\"https:\/\/docs.google.com\/document\/d\/1ZFebOI3TZiEQLMbszUwtkV1uwbkCg9kv\/edit?usp=drive_link&amp;ouid=108669935408865754896&amp;rtpof=true&amp;sd=true\" target=\"_blank\" rel=\"noreferrer noopener\">Za\u0142. 2 \u2013 O\u015bwiadczenie i Wykaz zrealizowanych us\u0142ug (wz\u00f3r).<\/a><\/p>\n\n\n\n<p><a href=\"https:\/\/docs.google.com\/document\/d\/12E7nA7Q-zEYVFvcDBAeQyc7oh1RLw70r\/edit?usp=drive_link&amp;ouid=108669935408865754896&amp;rtpof=true&amp;sd=true\" data-type=\"link\" data-id=\"https:\/\/docs.google.com\/document\/d\/12E7nA7Q-zEYVFvcDBAeQyc7oh1RLw70r\/edit?usp=drive_link&amp;ouid=108669935408865754896&amp;rtpof=true&amp;sd=true\" target=\"_blank\" rel=\"noreferrer noopener\">Za\u0142. 3 &#8211; Formularz oferty cenowej (wz\u00f3r).<\/a><\/p>\n\n\n\n<p><a href=\"https:\/\/drive.google.com\/file\/d\/1dwRojb2knw_eZXdm0owqD5ZeqjDo-3lV\/view?usp=drive_link\" data-type=\"link\" data-id=\"https:\/\/drive.google.com\/file\/d\/1dwRojb2knw_eZXdm0owqD5ZeqjDo-3lV\/view?usp=drive_link\" target=\"_blank\" rel=\"noreferrer noopener\">Za\u0142. 4 &#8211; Wz\u00f3r umowy (najwa\u017cniejsze postanowienia).<\/a><\/p>\n\n\n\n<p><a href=\"https:\/\/drive.google.com\/file\/d\/1Q3wzZsuywLUjgySdW4PQQ_ZQi5Yxi7SO\/view?usp=drive_link\" data-type=\"link\" data-id=\"https:\/\/drive.google.com\/file\/d\/1Q3wzZsuywLUjgySdW4PQQ_ZQi5Yxi7SO\/view?usp=drive_link\" target=\"_blank\" rel=\"noreferrer noopener\">Za\u0142. 5 &#8211; informacja o przetwarzaniu danych osobowych.<\/a><\/p>\n","protected":false},"excerpt":{"rendered":"<p>Polskie Towarzystwo Turystyczno-Krajoznawcze Centralny O\u015brodek Turystyki G\u00f3rskiej PTTK w Krakowie zaprasza do z\u0142o\u017cenia oferty dotycz\u0105cej wykonania us\u0142ugi: Stworzenie narz\u0119dzi cyfrowych do prezentacji atrakcji i&nbsp;szlak\u00f3w turystycznych wojew\u00f3dztw opolskiego i \u015bl\u0105skiego. w ramach realizacji zadania publicznego pn. \u201ePlatforma szlakowa wojew\u00f3dztwa \u015bl\u0105skiego i opolskiego jako cyfrowe narz\u0119dzie udost\u0119pniania informacji turystycznej i krajoznawczej\u201d dofinansowanego ze \u015brodk\u00f3w Ministerstwa Sportu&nbsp; i [&hellip;]<\/p>\n","protected":false},"author":2,"featured_media":0,"parent":0,"menu_order":0,"comment_status":"closed","ping_status":"closed","template":"","meta":{"footnotes":""},"class_list":["post-210","page","type-page","status-publish","hentry"],"_links":{"self":[{"href":"https:\/\/cotg.pttk.pl\/bip\/wp-json\/wp\/v2\/pages\/210","targetHints":{"allow":["GET"]}}],"collection":[{"href":"https:\/\/cotg.pttk.pl\/bip\/wp-json\/wp\/v2\/pages"}],"about":[{"href":"https:\/\/cotg.pttk.pl\/bip\/wp-json\/wp\/v2\/types\/page"}],"author":[{"embeddable":true,"href":"https:\/\/cotg.pttk.pl\/bip\/wp-json\/wp\/v2\/users\/2"}],"replies":[{"embeddable":true,"href":"https:\/\/cotg.pttk.pl\/bip\/wp-json\/wp\/v2\/comments?post=210"}],"version-history":[{"count":7,"href":"https:\/\/cotg.pttk.pl\/bip\/wp-json\/wp\/v2\/pages\/210\/revisions"}],"predecessor-version":[{"id":218,"href":"https:\/\/cotg.pttk.pl\/bip\/wp-json\/wp\/v2\/pages\/210\/revisions\/218"}],"wp:attachment":[{"href":"https:\/\/cotg.pttk.pl\/bip\/wp-json\/wp\/v2\/media?parent=210"}],"curies":[{"name":"wp","href":"https:\/\/api.w.org\/{rel}","templated":true}]}}