{"id":36,"date":"2023-04-14T15:32:40","date_gmt":"2023-04-14T13:32:40","guid":{"rendered":"https:\/\/cotg.pttk.pl\/bip\/?page_id=36"},"modified":"2023-04-20T16:26:01","modified_gmt":"2023-04-20T14:26:01","slug":"zamowienia-publiczne","status":"publish","type":"page","link":"https:\/\/cotg.pttk.pl\/bip\/zamowienia-publiczne\/","title":{"rendered":"Zam\u00f3wienia publiczne"},"content":{"rendered":"\n<p><strong>Dokumenty powi\u0105zane:<\/strong><\/p>\n\n\n\n<p><\/p>\n\n\n\n<ul class=\"wp-block-list\">\n<li><a href=\"https:\/\/cotg.pttk.pl\/bip\/zamowienia-publiczne\/zamowienia-publiczne-o-wartosci-ponizej-130-000-pln\/\" data-type=\"page\" data-id=\"51\">Zam\u00f3wienia publiczne o warto\u015bci poni\u017cej 130 000 pln<\/a><\/li>\n\n\n\n<li><a href=\"https:\/\/cotg.pttk.pl\/bip\/zamowienia-publiczne\/zamowienia-publiczne-o-wartosci-powyzej-130-000-pln\/\">Zam\u00f3wienia publiczne o warto\u015bci powy\u017cej 130 000 pln<\/a><\/li>\n\n\n\n<li>Zam\u00f3wienia publiczne zako\u0144czone<\/li>\n\n\n\n<li>Zam\u00f3wienia publiczne usuni\u0119te<\/li>\n<\/ul>\n\n\n\n<p><\/p>\n","protected":false},"excerpt":{"rendered":"<p>Dokumenty powi\u0105zane:<\/p>\n","protected":false},"author":2,"featured_media":0,"parent":0,"menu_order":0,"comment_status":"closed","ping_status":"closed","template":"","meta":{"footnotes":""},"class_list":["post-36","page","type-page","status-publish","hentry"],"_links":{"self":[{"href":"https:\/\/cotg.pttk.pl\/bip\/wp-json\/wp\/v2\/pages\/36","targetHints":{"allow":["GET"]}}],"collection":[{"href":"https:\/\/cotg.pttk.pl\/bip\/wp-json\/wp\/v2\/pages"}],"about":[{"href":"https:\/\/cotg.pttk.pl\/bip\/wp-json\/wp\/v2\/types\/page"}],"author":[{"embeddable":true,"href":"https:\/\/cotg.pttk.pl\/bip\/wp-json\/wp\/v2\/users\/2"}],"replies":[{"embeddable":true,"href":"https:\/\/cotg.pttk.pl\/bip\/wp-json\/wp\/v2\/comments?post=36"}],"version-history":[{"count":5,"href":"https:\/\/cotg.pttk.pl\/bip\/wp-json\/wp\/v2\/pages\/36\/revisions"}],"predecessor-version":[{"id":125,"href":"https:\/\/cotg.pttk.pl\/bip\/wp-json\/wp\/v2\/pages\/36\/revisions\/125"}],"wp:attachment":[{"href":"https:\/\/cotg.pttk.pl\/bip\/wp-json\/wp\/v2\/media?parent=36"}],"curies":[{"name":"wp","href":"https:\/\/api.w.org\/{rel}","templated":true}]}}