{"id":42,"date":"2023-04-14T15:35:47","date_gmt":"2023-04-14T13:35:47","guid":{"rendered":"https:\/\/cotg.pttk.pl\/bip\/?page_id=42"},"modified":"2023-04-14T15:44:33","modified_gmt":"2023-04-14T13:44:33","slug":"dostep-do-informacji","status":"publish","type":"page","link":"https:\/\/cotg.pttk.pl\/bip\/dostep-do-informacji\/","title":{"rendered":"Dost\u0119p do informacji"},"content":{"rendered":"\n<p>Zgodnie z art. 10 Ustawy o dost\u0119pie do informacji publicznej z dnia 6 wrze\u015bnia 2001:<\/p>\n\n\n\n<ol class=\"wp-block-list\">\n<li>Informacja publiczna, kt\u00f3ra nie zosta\u0142a udost\u0119pniona w Biuletynie Informacji Publicznej, jest udost\u0119pniana na wniosek.<\/li>\n\n\n\n<li>Informacja publiczna, kt\u00f3ra mo\u017ce by\u0107 niezw\u0142ocznie udost\u0119pniona, jest udost\u0119pniana w formie ustnej lub pisemnej bez pisemnego wniosku.<\/li>\n<\/ol>\n\n\n\n<p>Pozosta\u0142e informacje publiczne, niezamieszczone na stronie BIP, s\u0105 udzielane na ustny lub pisemny wniosek z\u0142o\u017cony:<\/p>\n\n\n\n<ul class=\"wp-block-list\">\n<li>w siedzibie COTG PTTK: ul. Jagiello\u0144ska 6, Krak\u00f3w<\/li>\n\n\n\n<li>pod adresem e-mail: poczta [at] cotg.pttk.pl<\/li>\n\n\n\n<li>pod numerem telefonu: 12&nbsp;422 28 40<\/li>\n<\/ul>\n\n\n\n<p>faksem na numer: 12\u00a0429 15 06<\/p>\n","protected":false},"excerpt":{"rendered":"<p>Zgodnie z art. 10 Ustawy o dost\u0119pie do informacji publicznej z dnia 6 wrze\u015bnia 2001: Pozosta\u0142e informacje publiczne, niezamieszczone na stronie BIP, s\u0105 udzielane na ustny lub pisemny wniosek z\u0142o\u017cony: faksem na numer: 12\u00a0429 15 06<\/p>\n","protected":false},"author":2,"featured_media":0,"parent":0,"menu_order":0,"comment_status":"closed","ping_status":"closed","template":"","meta":{"footnotes":""},"class_list":["post-42","page","type-page","status-publish","hentry"],"_links":{"self":[{"href":"https:\/\/cotg.pttk.pl\/bip\/wp-json\/wp\/v2\/pages\/42","targetHints":{"allow":["GET"]}}],"collection":[{"href":"https:\/\/cotg.pttk.pl\/bip\/wp-json\/wp\/v2\/pages"}],"about":[{"href":"https:\/\/cotg.pttk.pl\/bip\/wp-json\/wp\/v2\/types\/page"}],"author":[{"embeddable":true,"href":"https:\/\/cotg.pttk.pl\/bip\/wp-json\/wp\/v2\/users\/2"}],"replies":[{"embeddable":true,"href":"https:\/\/cotg.pttk.pl\/bip\/wp-json\/wp\/v2\/comments?post=42"}],"version-history":[{"count":3,"href":"https:\/\/cotg.pttk.pl\/bip\/wp-json\/wp\/v2\/pages\/42\/revisions"}],"predecessor-version":[{"id":49,"href":"https:\/\/cotg.pttk.pl\/bip\/wp-json\/wp\/v2\/pages\/42\/revisions\/49"}],"wp:attachment":[{"href":"https:\/\/cotg.pttk.pl\/bip\/wp-json\/wp\/v2\/media?parent=42"}],"curies":[{"name":"wp","href":"https:\/\/api.w.org\/{rel}","templated":true}]}}