{"id":44,"date":"2023-04-14T15:37:24","date_gmt":"2023-04-14T13:37:24","guid":{"rendered":"https:\/\/cotg.pttk.pl\/bip\/?page_id=44"},"modified":"2023-04-14T15:37:24","modified_gmt":"2023-04-14T13:37:24","slug":"instrukcja-korzystania-z-bip","status":"publish","type":"page","link":"https:\/\/cotg.pttk.pl\/bip\/instrukcja-korzystania-z-bip\/","title":{"rendered":"Instrukcja korzystania z BIP"},"content":{"rendered":"\n<p>Biuletyn Informacji Publicznej to urz\u0119dowy publikator teleinformatyczny, w postaci ujednoliconego systemu stron w sieci informatycznej, stworzony w celu powszechnego udost\u0119pniania informacji publicznej.<\/p>\n\n\n\n<p>Podstawa prawna tworzenia IP: Ustawa z dnia 6 wrze\u015bnia 2001 r. o dost\u0119pie do informacji publicznej,<\/p>\n\n\n\n<p>Rozporz\u0105dzenie Rady Ministr\u00f3w z dnia 11 pa\u017adziernika 2005 r. w sprawie minimalnych wymaga\u0144 dla system\u00f3w teleinformatycznych,<\/p>\n\n\n\n<p>Rozporz\u0105dzenie Ministra Spraw Wewn\u0119trznych i Administracji z dnia 18 stycznia 2007 r. w sprawie Biuletynu Informacji Publicznej.<\/p>\n\n\n\n<p>BIP sk\u0142ada si\u0119 z:<\/p>\n\n\n\n<p>1. Menu g\u00f3rnego zawieraj\u0105cego przej\u015bcia do:<\/p>\n\n\n\n<p>\u00b7 strony startowej Biuletynu Informacji Publicznej Stowarzyszenia,<\/p>\n\n\n\n<p>\u00b7 strony G\u0142\u00f3wnej Biuletynu Informacji Publicznej (http:\/\/www.bip.gov.pl\/),<\/p>\n\n\n\n<p>2. Menu przedmiotowego (po lewej stronie serwisu) zawieraj\u0105cego odno\u015bniki do podstron BIP.<\/p>\n\n\n\n<p>3. Okna g\u0142\u00f3wnego, w kt\u00f3rym wy\u015bwietlane s\u0105 informacje zawarte na poszczeg\u00f3lnych stronach BIP;<\/p>\n\n\n\n<p>4. Modu\u0142u wyszukiwania: aby przeszukiwa\u0107 serwis BIP nale\u017cy w okienko wyszukiwarki (w prawym g\u00f3rnym rogu strony) wpisa\u0107 szukan\u0105 fraz\u0119 i klikn\u0105\u0107 przycisk lub nacisn\u0105\u0107 klawisz &#8222;enter&#8221;. System umo\u017cliwia przeszukiwanie aktualnych dokument\u00f3w oraz opcjonalnie dokument\u00f3w archiwalnych.<\/p>\n\n\n\n<p>5. Modu\u0142u zam\u00f3wie\u0144 publicznych (pozycja Zam\u00f3wienia publiczne w menu przedmiotowym). Modu\u0142 zam\u00f3wie\u0144 publicznych zosta\u0142 podzielony na cztery cz\u0119\u015bci:<\/p>\n\n\n\n<p>&#8211; Zam\u00f3wienia publiczne podlegaj\u0105ce Ustawie o Zam\u00f3wieniach Publicznych<br>&#8211; Zam\u00f3wienia publiczne niepodlegaj\u0105ce tej Ustawie<br>&#8211; Zam\u00f3wienia publiczne zako\u0144czone (rozstrzygni\u0119te i nie)<br>&#8211; Zam\u00f3wienia publiczne usuni\u0119te (rejestr przetarg\u00f3w usuni\u0119tych)<\/p>\n\n\n\n<p>Ka\u017cda zmiana tre\u015bci og\u0142osze\u0144 jest archiwizowana w rejestrze zmian. W tre\u015bci mo\u017cna umieszcza\u0107 grafiki i pliki do pobrania. Pliki te nie s\u0105 archiwzowane w przypadku ich wymiany!<\/p>\n\n\n\n<p>Zam\u00f3wienia publiczne w ka\u017cdej grupie wy\u015bwietlane s\u0105 kolejno jeden pod drugim w pakietach po 15 (stronicowanie). Metryczka dotyczy strony (grupy), metryczka ka\u017cdego zam\u00f3wienia znajduje si\u0119 na stronie konkrentego zam\u00f3wienia.<\/p>\n\n\n\n<p>6. Mapy strony &#8211; dynamicznie generowanego drzewa dokument\u00f3w<\/p>\n\n\n\n<p>7. Rejestru stron usuni\u0119tych<br>Je\u017celi jakikolwiek dokument zosta\u0142 usuni\u0119ty z BIP, automatycznie trafi\u0142 on do rejestru stron usuni\u0119tych wraz z adnotacj\u0105 o powodzie usuni\u0119cia. Uwaga: usuni\u0119ty dokument mo\u017ce zosta\u0107 przywr\u00f3cony &#8211; je\u015bli wi\u0119c dokument by\u0142 w rejestrze usuni\u0119tych, a teraz go tam nie ma &#8211; to znaczy, \u017ce zosta\u0142 przywr\u00f3cony.<\/p>\n\n\n\n<p>Ka\u017cdy dokument w Biuletynie zawiera takie informacje jak:<\/p>\n\n\n\n<ul class=\"wp-block-list\">\n<li>kto i kiedy podpisa\u0142 dany dokument,<\/li>\n\n\n\n<li>kto i kiedy wprowadzi\u0142 dany dokument do Biuletynu,<\/li>\n\n\n\n<li>kto i kiedy zmodyfikowa\u0142 dany dokument.<\/li>\n<\/ul>\n","protected":false},"excerpt":{"rendered":"<p>Biuletyn Informacji Publicznej to urz\u0119dowy publikator teleinformatyczny, w postaci ujednoliconego systemu stron w sieci informatycznej, stworzony w celu powszechnego udost\u0119pniania informacji publicznej. Podstawa prawna tworzenia IP: Ustawa z dnia 6 wrze\u015bnia 2001 r. o dost\u0119pie do informacji publicznej, Rozporz\u0105dzenie Rady Ministr\u00f3w z dnia 11 pa\u017adziernika 2005 r. w sprawie minimalnych wymaga\u0144 dla system\u00f3w teleinformatycznych, Rozporz\u0105dzenie [&hellip;]<\/p>\n","protected":false},"author":2,"featured_media":0,"parent":0,"menu_order":0,"comment_status":"closed","ping_status":"closed","template":"","meta":{"footnotes":""},"class_list":["post-44","page","type-page","status-publish","hentry"],"_links":{"self":[{"href":"https:\/\/cotg.pttk.pl\/bip\/wp-json\/wp\/v2\/pages\/44","targetHints":{"allow":["GET"]}}],"collection":[{"href":"https:\/\/cotg.pttk.pl\/bip\/wp-json\/wp\/v2\/pages"}],"about":[{"href":"https:\/\/cotg.pttk.pl\/bip\/wp-json\/wp\/v2\/types\/page"}],"author":[{"embeddable":true,"href":"https:\/\/cotg.pttk.pl\/bip\/wp-json\/wp\/v2\/users\/2"}],"replies":[{"embeddable":true,"href":"https:\/\/cotg.pttk.pl\/bip\/wp-json\/wp\/v2\/comments?post=44"}],"version-history":[{"count":1,"href":"https:\/\/cotg.pttk.pl\/bip\/wp-json\/wp\/v2\/pages\/44\/revisions"}],"predecessor-version":[{"id":45,"href":"https:\/\/cotg.pttk.pl\/bip\/wp-json\/wp\/v2\/pages\/44\/revisions\/45"}],"wp:attachment":[{"href":"https:\/\/cotg.pttk.pl\/bip\/wp-json\/wp\/v2\/media?parent=44"}],"curies":[{"name":"wp","href":"https:\/\/api.w.org\/{rel}","templated":true}]}}