{"id":5,"date":"2016-04-19T12:57:00","date_gmt":"2016-04-19T10:57:00","guid":{"rendered":"https:\/\/cotg.pttk.pl\/bip\/?page_id=5"},"modified":"2023-04-14T12:43:11","modified_gmt":"2023-04-14T10:43:11","slug":"stowarzyszenie","status":"publish","type":"page","link":"https:\/\/cotg.pttk.pl\/bip\/","title":{"rendered":"Stowarzyszenie"},"content":{"rendered":"\n<p><strong>BIP Centralnego O\u015brodka Turystyki G\u00f3rskiej PTTK<br>Centralny O\u015brodek Turystyki G\u00f3rskiej Polskiego Towarzystwa Turystyczno-Krajoznawczego<\/strong><\/p>\n\n\n\n<p>ul. Jagiello\u0144ska 6<br>31-010 Krak\u00f3w<br>tel. (48) 12&nbsp;422 28 40<br>fax (48) 12&nbsp;429 15 06<br>e-mail: poczta [at] cotg.pttk.pl<\/p>\n\n\n\n<p><strong><u>Biuro czynne od poniedzia\u0142ku do pi\u0105tku w godz. 8.00-16.00<\/u><\/strong><\/p>\n\n\n\n<p>Data formalnego utworzenia:<\/p>\n\n\n\n<p>Data wpisu do rejestru stowarzysze\u0144: 27.03.2002 &nbsp;<\/p>\n\n\n\n<p><a href=\"https:\/\/ems.ms.gov.pl\/krs\/wyszukiwaniepodmiotu\" target=\"_blank\" rel=\"noreferrer noopener\">KRS: 0000100817<\/a><br>NIP&nbsp;<strong>526-00-10-044<\/strong><br>REGON:&nbsp;<strong>007023010<\/strong><\/p>\n","protected":false},"excerpt":{"rendered":"<p>BIP Centralnego O\u015brodka Turystyki G\u00f3rskiej PTTKCentralny O\u015brodek Turystyki G\u00f3rskiej Polskiego Towarzystwa Turystyczno-Krajoznawczego ul. Jagiello\u0144ska 631-010 Krak\u00f3wtel. (48) 12&nbsp;422 28 40fax (48) 12&nbsp;429 15 06e-mail: poczta [at] cotg.pttk.pl Biuro czynne od poniedzia\u0142ku do pi\u0105tku w godz. 8.00-16.00 Data formalnego utworzenia: Data wpisu do rejestru stowarzysze\u0144: 27.03.2002 &nbsp; KRS: 0000100817NIP&nbsp;526-00-10-044REGON:&nbsp;007023010<\/p>\n","protected":false},"author":2,"featured_media":0,"parent":0,"menu_order":0,"comment_status":"closed","ping_status":"closed","template":"","meta":{"footnotes":""},"class_list":["post-5","page","type-page","status-publish","hentry"],"_links":{"self":[{"href":"https:\/\/cotg.pttk.pl\/bip\/wp-json\/wp\/v2\/pages\/5","targetHints":{"allow":["GET"]}}],"collection":[{"href":"https:\/\/cotg.pttk.pl\/bip\/wp-json\/wp\/v2\/pages"}],"about":[{"href":"https:\/\/cotg.pttk.pl\/bip\/wp-json\/wp\/v2\/types\/page"}],"author":[{"embeddable":true,"href":"https:\/\/cotg.pttk.pl\/bip\/wp-json\/wp\/v2\/users\/2"}],"replies":[{"embeddable":true,"href":"https:\/\/cotg.pttk.pl\/bip\/wp-json\/wp\/v2\/comments?post=5"}],"version-history":[{"count":1,"href":"https:\/\/cotg.pttk.pl\/bip\/wp-json\/wp\/v2\/pages\/5\/revisions"}],"predecessor-version":[{"id":6,"href":"https:\/\/cotg.pttk.pl\/bip\/wp-json\/wp\/v2\/pages\/5\/revisions\/6"}],"wp:attachment":[{"href":"https:\/\/cotg.pttk.pl\/bip\/wp-json\/wp\/v2\/media?parent=5"}],"curies":[{"name":"wp","href":"https:\/\/api.w.org\/{rel}","templated":true}]}}