{"id":51,"date":"2023-04-18T14:42:07","date_gmt":"2023-04-18T12:42:07","guid":{"rendered":"https:\/\/cotg.pttk.pl\/bip\/?page_id=51"},"modified":"2023-04-20T16:06:16","modified_gmt":"2023-04-20T14:06:16","slug":"zamowienia-publiczne-o-wartosci-ponizej-130-000-pln","status":"publish","type":"page","link":"https:\/\/cotg.pttk.pl\/bip\/zamowienia-publiczne\/zamowienia-publiczne-o-wartosci-ponizej-130-000-pln\/","title":{"rendered":"Zam\u00f3wienia publiczne o warto\u015bci poni\u017cej 130 000 pln"},"content":{"rendered":"\n<ul class=\"wp-block-list\">\n<li><a href=\"https:\/\/cotg.pttk.pl\/bip\/zamowienia-publiczne\/zamowienia-publiczne-o-wartosci-ponizej-130-000-pln\/zawiadomienie-o-wyborze-najkorzystniejszej-oferty-dostosowanie-bazy-danych-szlakow\/\">Zawiadomienie o wyborze najkorzystniejszej oferty &#8211; Dostosowanie bazy danych szlak\u00f3w<\/a><\/li>\n\n\n\n<li><a href=\"https:\/\/cotg.pttk.pl\/bip\/zamowienia-publiczne\/zamowienia-publiczne-o-wartosci-ponizej-130-000-pln\/dostosowanie-bazy-danych\/\">Dostosowanie bazy danych<\/a><\/li>\n\n\n\n<li><a href=\"https:\/\/cotg.pttk.pl\/bip\/zamowienia-publiczne\/zamowienia-publiczne-o-wartosci-ponizej-130-000-pln\/informacja-z-otwarcia-ofert-stworzenie-aplikacji-mobilnej-android-ios-oraz-strony-mapowej\/\">Informacja z otwarcia ofert &#8211; Stworzenie aplikacji mobilnej (Android + iOS) oraz strony mapowej<\/a><\/li>\n\n\n\n<li><a href=\"https:\/\/cotg.pttk.pl\/bip\/zamowienia-publiczne\/zamowienia-publiczne-o-wartosci-ponizej-130-000-pln\/stworzenie-aplikacji-mobilnej-android-ios-oraz-strony-mapowej\/\">Stworzenie aplikacji mobilnej (Android + iOS) oraz strony mapowej<\/a><\/li>\n\n\n\n<li><a href=\"https:\/\/cotg.pttk.pl\/bip\/zamowienia-publiczne\/zamowienia-publiczne-o-wartosci-ponizej-130-000-pln\/wykonanie-pomiarow-szlakow-oraz-przygotowanie-danych\/\">Wykonanie pomiar\u00f3w szlak\u00f3w oraz przygotowanie danych<\/a><\/li>\n\n\n\n<li><a href=\"https:\/\/cotg.pttk.pl\/bip\/zamowienia-publiczne\/zamowienia-publiczne-o-wartosci-ponizej-130-000-pln\/wykonanie-pomiarow-szlakow-oraz-przygotowanie-danych-postepowanie-uniewaznione\/\">Wykonanie pomiar\u00f3w szlak\u00f3w oraz przygotowanie danych &#8211; post\u0119powanie uniewa\u017cnione<\/a><\/li>\n\n\n\n<li><a href=\"https:\/\/cotg.pttk.pl\/bip\/zamowienia-publiczne\/zamowienia-publiczne-o-wartosci-ponizej-130-000-pln\/wykonanie-tablic-drogowskazowych-tabliczek-z-nazwa-i-mapek-schematycznych\/\">Wykonanie tablic drogowskazowych, tabliczek z nazw\u0105 i mapek schematycznych<\/a><\/li>\n\n\n\n<li><a href=\"https:\/\/cotg.pttk.pl\/bip\/zamowienia-publiczne\/zamowienia-publiczne-o-wartosci-ponizej-130-000-pln\/zapytanie-ofertowe-odnowienie-szlakow-i-montaz-tabliczek-zmiana-w-tresci-zapytania\/\">Zapytanie ofertowe \u2013 odnowienie szlak\u00f3w i monta\u017c tabliczek \u2013 zmiana w tre\u015bci zapytania<\/a><\/li>\n\n\n\n<li><a href=\"https:\/\/cotg.pttk.pl\/bip\/zamowienia-publiczne\/zamowienia-publiczne-o-wartosci-ponizej-130-000-pln\/zawiadomienie-o-wyborze-najkorzystniejszej-oferty-stworzenie-aplikacji-mobilnej-android-ios-oraz-strony-mapowej\/\">Zawiadomienie o wyborze najkorzystniejszej oferty \u2013 Stworzenie aplikacji mobilnej (Android + iOS) oraz strony mapowej<\/a><\/li>\n\n\n\n<li><a href=\"https:\/\/cotg.pttk.pl\/bip\/zamowienia-publiczne\/zamowienia-publiczne-o-wartosci-ponizej-130-000-pln\/zawiadomienie-o-wyborze-oferty-najkorzystniejszej-odnowienie-szlakow-i-montaz-tabliczek\/\">Zawiadomienie o wyborze oferty najkorzystniejszej \u2013 odnowienie szlak\u00f3w i monta\u017c tabliczek<\/a><\/li>\n\n\n\n<li><a href=\"https:\/\/cotg.pttk.pl\/bip\/zamowienia-publiczne\/zamowienia-publiczne-o-wartosci-ponizej-130-000-pln\/zawiadomienie-o-wyborze-oferty-najkorzystniejszej-wykonanie-pomiarow-szlakow-oraz-przygotowanie-danych\/\">Zawiadomienie o wyborze oferty najkorzystniejszej \u2013 wykonanie pomiar\u00f3w szlak\u00f3w oraz przygotowanie danych<\/a><\/li>\n<\/ul>\n","protected":false},"excerpt":{"rendered":"","protected":false},"author":2,"featured_media":0,"parent":36,"menu_order":1,"comment_status":"closed","ping_status":"closed","template":"","meta":{"footnotes":""},"class_list":["post-51","page","type-page","status-publish","hentry"],"_links":{"self":[{"href":"https:\/\/cotg.pttk.pl\/bip\/wp-json\/wp\/v2\/pages\/51","targetHints":{"allow":["GET"]}}],"collection":[{"href":"https:\/\/cotg.pttk.pl\/bip\/wp-json\/wp\/v2\/pages"}],"about":[{"href":"https:\/\/cotg.pttk.pl\/bip\/wp-json\/wp\/v2\/types\/page"}],"author":[{"embeddable":true,"href":"https:\/\/cotg.pttk.pl\/bip\/wp-json\/wp\/v2\/users\/2"}],"replies":[{"embeddable":true,"href":"https:\/\/cotg.pttk.pl\/bip\/wp-json\/wp\/v2\/comments?post=51"}],"version-history":[{"count":12,"href":"https:\/\/cotg.pttk.pl\/bip\/wp-json\/wp\/v2\/pages\/51\/revisions"}],"predecessor-version":[{"id":119,"href":"https:\/\/cotg.pttk.pl\/bip\/wp-json\/wp\/v2\/pages\/51\/revisions\/119"}],"up":[{"embeddable":true,"href":"https:\/\/cotg.pttk.pl\/bip\/wp-json\/wp\/v2\/pages\/36"}],"wp:attachment":[{"href":"https:\/\/cotg.pttk.pl\/bip\/wp-json\/wp\/v2\/media?parent=51"}],"curies":[{"name":"wp","href":"https:\/\/api.w.org\/{rel}","templated":true}]}}