{"id":56,"date":"2021-07-09T14:44:00","date_gmt":"2021-07-09T12:44:00","guid":{"rendered":"https:\/\/cotg.pttk.pl\/bip\/?page_id=56"},"modified":"2023-04-18T15:32:47","modified_gmt":"2023-04-18T13:32:47","slug":"zawiadomienie-o-wyborze-najkorzystniejszej-oferty-dostosowanie-bazy-danych-szlakow","status":"publish","type":"page","link":"https:\/\/cotg.pttk.pl\/bip\/zamowienia-publiczne\/zamowienia-publiczne-o-wartosci-ponizej-130-000-pln\/zawiadomienie-o-wyborze-najkorzystniejszej-oferty-dostosowanie-bazy-danych-szlakow\/","title":{"rendered":"Zawiadomienie o wyborze najkorzystniejszej oferty &#8211; Dostosowanie bazy danych szlak\u00f3w"},"content":{"rendered":"\n<p class=\"has-text-align-center\"><strong>ZAWIADOMIENIE O WYBORZE OFERTY NAJKORZYSTNIEJSZEJ<\/strong><\/p>\n\n\n\n<p class=\"has-text-align-center\">w&nbsp; projekcie pn. \u201eG\u00f3ry bez granic \u2013 integracja sieci szlak\u00f3w&nbsp; w transgraniczny produkt turystyczny\u201d &nbsp;&nbsp;&nbsp;<br>nr PLSK.01.01.00-00.0116\/17, wsp\u00f3\u0142finansowanym przez<\/p>\n\n\n\n<p class=\"has-text-align-center\">&nbsp;Uni\u0119 Europejsk\u0105 z Europejskiego Funduszu Rozwoju Regionalnego<\/p>\n\n\n\n<p class=\"has-text-align-center\">w ramach Programu Wsp\u00f3\u0142pracy Transgranicznej<\/p>\n\n\n\n<p class=\"has-text-align-center\">&nbsp;Interreg V-A Polska \u2013 S\u0142owacja 2014-2020<\/p>\n\n\n\n<p>Polskie Towarzystwo Turystyczno-Krajoznawcze Centralny O\u015brodek Turystyki G\u00f3rskiej PTTK w Krakowie (zamawiaj\u0105cy) zawiadamia o wyborze najkorzystniejszej oferty w post\u0119powaniu o udzielenie zam\u00f3wienia publicznego znak 1\/IR\/2021 z dnia 01.07.2021 r., dot. zam\u00f3wienia na wykonanie us\u0142ugi:<\/p>\n\n\n\n<p><strong>Dostosowanie bazy danych szlak\u00f3w<\/strong><\/p>\n\n\n\n<p>Zamawiaj\u0105cy dokona\u0142 oceny ofert i wyboru oferty najkorzystniejszej:<\/p>\n\n\n\n<p>Jako oferta najkorzystniejsza wybrana zosta\u0142a oferta z\u0142o\u017cona przez wykonawc\u0119:<\/p>\n\n\n\n<p>Amistad sp. z o.o. , Plac na Groblach 8\/2, 31-101 Krak\u00f3w<\/p>\n\n\n\n<p>Przyznana punktacja: 100 pkt.<\/p>\n\n\n\n<p><u>Uzasadnienie wyboru:<\/u>&nbsp;&nbsp;Oferta najkorzystniejsza wybrana zosta\u0142a na podstawie kryteri\u00f3w oceny ofert okre\u015blonych w pkt. V. Zapytania ofertowego. Oferta otrzyma\u0142a \u0142\u0105cznie 100 punkt\u00f3w, kt\u00f3re stanowi\u0105 sum\u0119 punktacji w poszczeg\u00f3lnych kryteriach:<\/p>\n\n\n\n<p>&#8211; cena = 80 pkt. za kwot\u0119 57810,00 z\u0142. brutto<\/p>\n\n\n\n<p>&#8211; termin wykonania = 20 pkt. za termin 21 dni kalendarzowych od podpisania umowy.<\/p>\n\n\n\n<p>Oferta spe\u0142nia warunki udzia\u0142u w przedmiotowym post\u0119powaniu okre\u015blone w pkt. IV. Zapytania ofertowego.<\/p>\n\n\n\n<p>Zamawiaj\u0105cy informuje, \u017ce w post\u0119powaniu zosta\u0142a z\u0142o\u017cona jedna ww. oferta.<\/p>\n\n\n\n<p>Post\u0119powanie przeprowadzono zgodnie z procedur\u0105 w\u0142asn\u0105 Zamawiaj\u0105cego dla zam\u00f3wienia o warto\u015bci poni\u017cej 130&nbsp;000 pln, prowadzonym zgodnie z procedur\u0105 rozeznania rynku w trybie udzielania zam\u00f3wie\u0144 dla wydatk\u00f3w o warto\u015bci do 50 tys. PLN netto tj. bez podatku od towar\u00f3w i us\u0142ug (VAT), zgodnie z Podr\u0119cznikiem beneficjenta Programu Wsp\u00f3\u0142pracy ransgranicznej Interreg V-A Polska-S\u0142owacja 2014-2020.<\/p>\n\n\n\n<p><strong>Dokumenty powi\u0105zane:<\/strong><\/p>\n\n\n\n<ul class=\"wp-block-list\">\n<li><a href=\"https:\/\/cotg.pttk.pl\/bip\/wp-content\/uploads\/2023\/04\/Dostosowanie_bazy_danych_wybor_oferty_najkorzystn_09_07_2021.pdf\">Dostosowanie bazy danych &#8211; wyb\u00f3r najkorzystniejszej oferty<\/a><\/li>\n<\/ul>\n","protected":false},"excerpt":{"rendered":"<p>ZAWIADOMIENIE O WYBORZE OFERTY NAJKORZYSTNIEJSZEJ w&nbsp; projekcie pn. \u201eG\u00f3ry bez granic \u2013 integracja sieci szlak\u00f3w&nbsp; w transgraniczny produkt turystyczny\u201d &nbsp;&nbsp;&nbsp;nr PLSK.01.01.00-00.0116\/17, wsp\u00f3\u0142finansowanym przez &nbsp;Uni\u0119 Europejsk\u0105 z Europejskiego Funduszu Rozwoju Regionalnego w ramach Programu Wsp\u00f3\u0142pracy Transgranicznej &nbsp;Interreg V-A Polska \u2013 S\u0142owacja 2014-2020 Polskie Towarzystwo Turystyczno-Krajoznawcze Centralny O\u015brodek Turystyki G\u00f3rskiej PTTK w Krakowie (zamawiaj\u0105cy) zawiadamia o wyborze [&hellip;]<\/p>\n","protected":false},"author":2,"featured_media":0,"parent":51,"menu_order":1,"comment_status":"closed","ping_status":"closed","template":"","meta":{"footnotes":""},"class_list":["post-56","page","type-page","status-publish","hentry"],"_links":{"self":[{"href":"https:\/\/cotg.pttk.pl\/bip\/wp-json\/wp\/v2\/pages\/56","targetHints":{"allow":["GET"]}}],"collection":[{"href":"https:\/\/cotg.pttk.pl\/bip\/wp-json\/wp\/v2\/pages"}],"about":[{"href":"https:\/\/cotg.pttk.pl\/bip\/wp-json\/wp\/v2\/types\/page"}],"author":[{"embeddable":true,"href":"https:\/\/cotg.pttk.pl\/bip\/wp-json\/wp\/v2\/users\/2"}],"replies":[{"embeddable":true,"href":"https:\/\/cotg.pttk.pl\/bip\/wp-json\/wp\/v2\/comments?post=56"}],"version-history":[{"count":4,"href":"https:\/\/cotg.pttk.pl\/bip\/wp-json\/wp\/v2\/pages\/56\/revisions"}],"predecessor-version":[{"id":64,"href":"https:\/\/cotg.pttk.pl\/bip\/wp-json\/wp\/v2\/pages\/56\/revisions\/64"}],"up":[{"embeddable":true,"href":"https:\/\/cotg.pttk.pl\/bip\/wp-json\/wp\/v2\/pages\/51"}],"wp:attachment":[{"href":"https:\/\/cotg.pttk.pl\/bip\/wp-json\/wp\/v2\/media?parent=56"}],"curies":[{"name":"wp","href":"https:\/\/api.w.org\/{rel}","templated":true}]}}