{"id":72,"date":"2021-02-04T12:46:00","date_gmt":"2021-02-04T11:46:00","guid":{"rendered":"https:\/\/cotg.pttk.pl\/bip\/?page_id=72"},"modified":"2023-04-20T12:53:44","modified_gmt":"2023-04-20T10:53:44","slug":"informacja-z-otwarcia-ofert-stworzenie-aplikacji-mobilnej-android-ios-oraz-strony-mapowej","status":"publish","type":"page","link":"https:\/\/cotg.pttk.pl\/bip\/zamowienia-publiczne\/zamowienia-publiczne-o-wartosci-ponizej-130-000-pln\/informacja-z-otwarcia-ofert-stworzenie-aplikacji-mobilnej-android-ios-oraz-strony-mapowej\/","title":{"rendered":"Informacja z otwarcia ofert &#8211; Stworzenie aplikacji mobilnej (Android + iOS) oraz strony mapowej"},"content":{"rendered":"\n<p><strong>Krak\u00f3w, dnia 04.02.2021 r.<\/strong><\/p>\n\n\n\n<p><strong>Zamawiaj\u0105cy:<\/strong><\/p>\n\n\n\n<p><strong>Polskie Towarzystwo Turystyczno-Krajoznawcze<\/strong><\/p>\n\n\n\n<p><strong>Centralny O\u015brodek Turystyki G\u00f3rskiej PTTK w Krakowie<\/strong><\/p>\n\n\n\n<p><strong>ul. Jagiello\u0144ska 6\/6a, 31-010 Krak\u00f3w<\/strong><\/p>\n\n\n\n<p><strong>Informacja z otwarcia ofert&nbsp;<\/strong><\/p>\n\n\n\n<p><strong>dotyczy:&nbsp; wyboru Wykonawcy us\u0142ugi&nbsp;<\/strong><\/p>\n\n\n\n<p><strong>Stworzenie aplikacji mobilnej (Android + iOS) oraz strony mapowej<\/strong><\/p>\n\n\n\n<p><strong>w zakresie realizacji projektu pn. \u201eG\u00f3ry bez granic \u2013 integracja sieci szlak\u00f3w w transgraniczny produkt turystyczny\u201d, nr PLSK.01.01.00-00.0116\/17, wsp\u00f3\u0142finansowanego przez Uni\u0119 Europejsk\u0105\u00a0 z Europejskiego Funduszu Rozwoju Regionalnego w ramach Programu Wsp\u00f3\u0142pracy Transgranicznej Interreg V-A \u00a0 Polska \u2013 S\u0142owacja 2014-2020<\/strong><\/p>\n\n\n\n<p><strong>Tryb udzielenia zam\u00f3wienia: zasada konkurencyjno\u015bci obowi\u0105zuj\u0105ca przy udzieleniu zam\u00f3wienia w ramach projektu przez beneficjenta nieb\u0119d\u0105cego zamawiaj\u0105cym w rozumieniu Pzp w przypadku zam\u00f3wie\u0144 przekraczaj\u0105cych warto\u015b\u0107 50 tys. PLN netto, tj. bez podatku od towar\u00f3w i us\u0142ug (VAT).<\/strong><\/p>\n\n\n\n<p><strong>Baza konkurencyjno\u015bci&nbsp; &#8211; og\u0142oszenie nr 2021-14022-28173<\/strong><\/p>\n\n\n\n<p><strong>data opublikowania 25.01.2021<\/strong><\/p>\n\n\n\n<p><strong>termin sk\u0142adania ofert: 03.02.2021 (do ko\u0144ca dnia)<\/strong><\/p>\n\n\n\n<p><strong>Zamawiaj\u0105cy informuje, \u017ce w post\u0119powaniu&nbsp; wp\u0142yn\u0119\u0142a nast\u0119puj\u0105ca oferta:<\/strong><\/p>\n\n\n\n<figure class=\"wp-block-table\"><table><tbody><tr><td><strong>Numer ofert<\/strong><\/td><td><strong>Wykonawca&nbsp;<\/strong><\/td><td><strong>Cena brutto (\u0142\u0105czna) PLN<\/strong><\/td><\/tr><tr><td><strong>1.<\/strong><\/td><td><strong>Amistad sp. z o.o.&nbsp;<\/strong> <strong>Plac na Groblach 8\/2, 31-101 Krak\u00f3w<\/strong><\/td><td><strong>115&nbsp;005,00 PLN<\/strong><\/td><\/tr><\/tbody><\/table><\/figure>\n\n\n\n<p><strong>w terminie do dnia 26.03.2021 r. tj. 40 dni, okres udzielenia gwarancji \u2013 24 miesi\u0105ce.<\/strong><\/p>\n\n\n\n<p><strong>Dokumenty powi\u0105zane:<\/strong><\/p>\n\n\n\n<ul class=\"wp-block-list\">\n<li><a href=\"https:\/\/cotg.pttk.pl\/bip\/wp-content\/uploads\/2023\/04\/info_otrwacie_ofert_apka.pdf\">Informacja z otwarcia ofert &#8211; Stworzenie aplikacji mobilnej (Android + iOS) oraz strony mapowej<\/a><\/li>\n<\/ul>\n","protected":false},"excerpt":{"rendered":"<p>Krak\u00f3w, dnia 04.02.2021 r. Zamawiaj\u0105cy: Polskie Towarzystwo Turystyczno-Krajoznawcze Centralny O\u015brodek Turystyki G\u00f3rskiej PTTK w Krakowie ul. Jagiello\u0144ska 6\/6a, 31-010 Krak\u00f3w Informacja z otwarcia ofert&nbsp; dotyczy:&nbsp; wyboru Wykonawcy us\u0142ugi&nbsp; Stworzenie aplikacji mobilnej (Android + iOS) oraz strony mapowej w zakresie realizacji projektu pn. \u201eG\u00f3ry bez granic \u2013 integracja sieci szlak\u00f3w w transgraniczny produkt turystyczny\u201d, nr PLSK.01.01.00-00.0116\/17, [&hellip;]<\/p>\n","protected":false},"author":2,"featured_media":0,"parent":51,"menu_order":3,"comment_status":"closed","ping_status":"closed","template":"","meta":{"footnotes":""},"class_list":["post-72","page","type-page","status-publish","hentry"],"_links":{"self":[{"href":"https:\/\/cotg.pttk.pl\/bip\/wp-json\/wp\/v2\/pages\/72","targetHints":{"allow":["GET"]}}],"collection":[{"href":"https:\/\/cotg.pttk.pl\/bip\/wp-json\/wp\/v2\/pages"}],"about":[{"href":"https:\/\/cotg.pttk.pl\/bip\/wp-json\/wp\/v2\/types\/page"}],"author":[{"embeddable":true,"href":"https:\/\/cotg.pttk.pl\/bip\/wp-json\/wp\/v2\/users\/2"}],"replies":[{"embeddable":true,"href":"https:\/\/cotg.pttk.pl\/bip\/wp-json\/wp\/v2\/comments?post=72"}],"version-history":[{"count":1,"href":"https:\/\/cotg.pttk.pl\/bip\/wp-json\/wp\/v2\/pages\/72\/revisions"}],"predecessor-version":[{"id":74,"href":"https:\/\/cotg.pttk.pl\/bip\/wp-json\/wp\/v2\/pages\/72\/revisions\/74"}],"up":[{"embeddable":true,"href":"https:\/\/cotg.pttk.pl\/bip\/wp-json\/wp\/v2\/pages\/51"}],"wp:attachment":[{"href":"https:\/\/cotg.pttk.pl\/bip\/wp-json\/wp\/v2\/media?parent=72"}],"curies":[{"name":"wp","href":"https:\/\/api.w.org\/{rel}","templated":true}]}}