{"id":82,"date":"2019-10-09T13:08:00","date_gmt":"2019-10-09T11:08:00","guid":{"rendered":"https:\/\/cotg.pttk.pl\/bip\/?page_id=82"},"modified":"2023-04-20T13:17:06","modified_gmt":"2023-04-20T11:17:06","slug":"zapytanie-ofertowe-pomiary-szlakow-i-przygotowanie-danych","status":"publish","type":"page","link":"https:\/\/cotg.pttk.pl\/bip\/zamowienia-publiczne\/zamowienia-publiczne-o-wartosci-ponizej-130-000-pln\/wykonanie-pomiarow-szlakow-oraz-przygotowanie-danych\/zapytanie-ofertowe-pomiary-szlakow-i-przygotowanie-danych\/","title":{"rendered":"Zapytanie ofertowe &#8211; pomiary szlak\u00f3w i przygotowanie danych"},"content":{"rendered":"\n<p>Polskie Towarzystwo Turystyczno-Krajoznawcze Centralny O\u015brodek Turystyki G\u00f3rskiej PTTK w Krakowie zaprasza do z\u0142o\u017cenia oferty dotycz\u0105cej wykonania us\u0142ugi:<\/p>\n\n\n\n<p>Pomiary szlak\u00f3w, przygotowanie danych<\/p>\n\n\n\n<p>w ramach realizacji projektu pn. \u201eG\u00f3ry bez granic \u2013 integracja sieci szlak\u00f3w w transgraniczny produkt turystyczny\u201d, nr PLSK.01.01.00-00.0116\/17, wsp\u00f3\u0142finansowanego przez Uni\u0119 Europejsk\u0105 z Europejskiego Funduszu Rozwoju Regionalnego w ramach Programu Wsp\u00f3\u0142pracy Transgranicznej Interreg V-A Polska \u2013 S\u0142owacja 2014-2020.<\/p>\n\n\n\n<p>Tre\u015b\u0107 zapytania ofertowego oraz pozosta\u0142e dokumenty stanowi\u0105 za\u0142\u0105czniki do tego Zapytania.<\/p>\n\n\n\n<p>Prosimy o z\u0142o\u017cenie oferty do dnia 17.10.2019 r. zgodnie z formularzem ofertowym (za\u0142\u0105cznik nr 1), \u0142\u0105cznie z o\u015bwiadczeniem wykonawcy, wykazem us\u0142ug (za\u0142\u0105cznik nr 2) oraz dokumentem\/ami potwierdzaj\u0105cym wykaz us\u0142ug.<\/p>\n\n\n\n<p>Dotyczy zam\u00f3wienia o warto\u015bci nieprzekraczaj\u0105cej r\u00f3wnowarto\u015bci kwoty 30000 euro. Post\u0119powanie prowadzone jest zgodnie z procedur\u0105 rozeznania rynku w trybie udzielania zam\u00f3wie\u0144 dla wydatk\u00f3w o warto\u015bci do 50 tys. PLN netto tj. bez podatku od towar\u00f3w i us\u0142ug (VAT), zgodnie z Podr\u0119cznikiem beneficjenta Programu Wsp\u00f3\u0142pracy Transgranicznej Interreg V-A Polska-S\u0142owacja 2014-2020.<\/p>\n\n\n\n<p>Osoby do kontaktu:<\/p>\n\n\n\n<p>Tomasz Go\u0142\u0105bek, tel. 12-422-28-40 w. 13, e-mail: tomasz.golabek@cotg.pttk.pl<\/p>\n\n\n\n<p>Anna \u017bychowska, tel. 12-422-28-40 w. 20, e-mail: anna.zychowska@cotg.pttk.pl<\/p>\n\n\n\n<p><strong>Dokumenty powi\u0105zane:<\/strong><\/p>\n\n\n\n<ul class=\"wp-block-list\">\n<li><a href=\"https:\/\/cotg.pttk.pl\/bip\/wp-content\/uploads\/2023\/04\/Zapytanie_ofertowe_pomiary_dane.pdf\">Zapytanie ofertowe &#8211; pomiary szlak\u00f3w, przygotowanie danych<\/a><\/li>\n\n\n\n<li><a href=\"https:\/\/cotg.pttk.pl\/bip\/wp-content\/uploads\/2023\/04\/Zalaczniki_1-5-1.zip\">Zapytanie ofertowe &#8211; pomiary szlak\u00f3w, przygotowanie danych &#8211; za\u0142\u0105czniki 1-5<\/a><\/li>\n<\/ul>\n","protected":false},"excerpt":{"rendered":"<p>Polskie Towarzystwo Turystyczno-Krajoznawcze Centralny O\u015brodek Turystyki G\u00f3rskiej PTTK w Krakowie zaprasza do z\u0142o\u017cenia oferty dotycz\u0105cej wykonania us\u0142ugi: Pomiary szlak\u00f3w, przygotowanie danych w ramach realizacji projektu pn. \u201eG\u00f3ry bez granic \u2013 integracja sieci szlak\u00f3w w transgraniczny produkt turystyczny\u201d, nr PLSK.01.01.00-00.0116\/17, wsp\u00f3\u0142finansowanego przez Uni\u0119 Europejsk\u0105 z Europejskiego Funduszu Rozwoju Regionalnego w ramach Programu Wsp\u00f3\u0142pracy Transgranicznej Interreg V-A [&hellip;]<\/p>\n","protected":false},"author":2,"featured_media":0,"parent":81,"menu_order":1,"comment_status":"closed","ping_status":"closed","template":"","meta":{"footnotes":""},"class_list":["post-82","page","type-page","status-publish","hentry"],"_links":{"self":[{"href":"https:\/\/cotg.pttk.pl\/bip\/wp-json\/wp\/v2\/pages\/82","targetHints":{"allow":["GET"]}}],"collection":[{"href":"https:\/\/cotg.pttk.pl\/bip\/wp-json\/wp\/v2\/pages"}],"about":[{"href":"https:\/\/cotg.pttk.pl\/bip\/wp-json\/wp\/v2\/types\/page"}],"author":[{"embeddable":true,"href":"https:\/\/cotg.pttk.pl\/bip\/wp-json\/wp\/v2\/users\/2"}],"replies":[{"embeddable":true,"href":"https:\/\/cotg.pttk.pl\/bip\/wp-json\/wp\/v2\/comments?post=82"}],"version-history":[{"count":1,"href":"https:\/\/cotg.pttk.pl\/bip\/wp-json\/wp\/v2\/pages\/82\/revisions"}],"predecessor-version":[{"id":85,"href":"https:\/\/cotg.pttk.pl\/bip\/wp-json\/wp\/v2\/pages\/82\/revisions\/85"}],"up":[{"embeddable":true,"href":"https:\/\/cotg.pttk.pl\/bip\/wp-json\/wp\/v2\/pages\/81"}],"wp:attachment":[{"href":"https:\/\/cotg.pttk.pl\/bip\/wp-json\/wp\/v2\/media?parent=82"}],"curies":[{"name":"wp","href":"https:\/\/api.w.org\/{rel}","templated":true}]}}